{"id":5592,"date":"2016-12-05T09:17:34","date_gmt":"2016-12-05T09:17:34","guid":{"rendered":"http:\/\/demo.wpzoom.com\/inspiro\/?page_id=5592"},"modified":"2022-01-16T14:36:55","modified_gmt":"2022-01-16T14:36:55","slug":"about","status":"publish","type":"page","link":"https:\/\/franciscomoraisfranco.com\/index.php\/about\/","title":{"rendered":"About"},"content":{"rendered":"\t\t<div data-elementor-type=\"wp-page\" data-elementor-id=\"5592\" class=\"elementor elementor-5592\">\n\t\t\t\t\t\t\t\t\t<section class=\"elementor-section elementor-top-section elementor-element elementor-element-6dd5e545 elementor-section-boxed elementor-section-height-default elementor-section-height-default\" data-id=\"6dd5e545\" data-element_type=\"section\">\n\t\t\t\t\t\t<div class=\"elementor-container elementor-column-gap-no\">\n\t\t\t\t\t<div class=\"elementor-column elementor-col-100 elementor-top-column elementor-element elementor-element-35934f08\" data-id=\"35934f08\" data-element_type=\"column\">\n\t\t\t<div class=\"elementor-widget-wrap elementor-element-populated\">\n\t\t\t\t\t\t\t\t<div class=\"elementor-element elementor-element-89ab21a elementor-widget elementor-widget-image\" data-id=\"89ab21a\" data-element_type=\"widget\" data-widget_type=\"image.default\">\n\t\t\t\t<div class=\"elementor-widget-container\">\n\t\t\t<style>\/*! elementor - v3.6.1 - 23-03-2022 *\/\n.elementor-widget-image{text-align:center}.elementor-widget-image a{display:inline-block}.elementor-widget-image a img[src$=\".svg\"]{width:48px}.elementor-widget-image img{vertical-align:middle;display:inline-block}<\/style>\t\t\t\t\t\t\t\t\t\t\t\t<img src=\"https:\/\/franciscomoraisfranco.com\/wp-content\/uploads\/2022\/01\/IMG_0002-3-scaled-e1641599108168.jpg\" title=\"IMG_0002-3\" alt=\"IMG_0002-3\" \/>\t\t\t\t\t\t\t\t\t\t\t\t\t\t\t<\/div>\n\t\t\t\t<\/div>\n\t\t\t\t<section class=\"elementor-section elementor-inner-section elementor-element elementor-element-7a19ee1 elementor-section-full_width elementor-section-height-default elementor-section-height-default\" data-id=\"7a19ee1\" data-element_type=\"section\">\n\t\t\t\t\t\t<div class=\"elementor-container elementor-column-gap-no\">\n\t\t\t\t\t<div class=\"elementor-column elementor-col-100 elementor-inner-column elementor-element elementor-element-371c4441\" data-id=\"371c4441\" data-element_type=\"column\">\n\t\t\t<div class=\"elementor-widget-wrap elementor-element-populated\">\n\t\t\t\t\t\t\t\t<div class=\"elementor-element elementor-element-14e4796c elementor-widget elementor-widget-text-editor\" data-id=\"14e4796c\" data-element_type=\"widget\" data-widget_type=\"text-editor.default\">\n\t\t\t\t<div class=\"elementor-widget-container\">\n\t\t\t<style>\/*! elementor - v3.6.1 - 23-03-2022 *\/\n.elementor-widget-text-editor.elementor-drop-cap-view-stacked .elementor-drop-cap{background-color:#818a91;color:#fff}.elementor-widget-text-editor.elementor-drop-cap-view-framed .elementor-drop-cap{color:#818a91;border:3px solid;background-color:transparent}.elementor-widget-text-editor:not(.elementor-drop-cap-view-default) .elementor-drop-cap{margin-top:8px}.elementor-widget-text-editor:not(.elementor-drop-cap-view-default) .elementor-drop-cap-letter{width:1em;height:1em}.elementor-widget-text-editor .elementor-drop-cap{float:left;text-align:center;line-height:1;font-size:50px}.elementor-widget-text-editor .elementor-drop-cap-letter{display:inline-block}<\/style>\t\t\t\t<p>Born in Covilh\u00e3, Portugal, Francisco is one of the most remarkable Portuguese guitar players of his generation.<\/p><p>He started studying guitar at the age of 9 with Dejan Ivanovic in \u201cConservat\u00f3rio Regional de M\u00fasica da Covilh\u00e3\u201d. Later on he continued studying with Pedro Rufino in \u201cAcademia de Musica e Dan\u00e7a do Fund\u00e3o\u201d with an honorable scholarship. In 2010 he graduated from \u201cInstituto Superior Jean Piaget de Almada\u201d in the class of Dejan Ivanovic with the highest marks and with a special graduation prize for best bachelor student. During this bachelor he also studied with Ana Telles and Paulo Louren\u00e7o, who also greatly influenced him. <br \/>In 2014 Francisco finished his Master of Arts degree with the highest mark at Kunst Universit\u00e4t Graz, in Austria, with maestro Paolo Pegoraro.<br \/>Later in 2017, he finished a Post-graduation in Seville, with Pablo M\u00e1rquez, Lorenzo Micheli, Paolo Pegoraro and Judicael Perroy.<\/p><p>Francisco played in some important concert halls in Portugal and also in Spain, Italy, Poland, Czech Republic, United Kingdom, Serbia, Germany and Ukraine. He performed several times for Radio and TV, and some of his performances were broadcasted in Canada, Czech Republic, Estonia, Israel, Italy, Netherlands, Sweden and Japan, among others.<\/p><p>He is one of the most awarded portuguese guitarists ever, having won over more than 30 prizes (21 are highest prizes) in national and international competitions such as:<\/p><p>\u2013 Festival International de Guitarra de Amarante 2015<br \/>\u2013 London International Guitar Competition 2012<br \/>\u2013 XII Guitar Art Festival (Belgrade)<br \/>\u2013 12th International Guitar Competition Sernancelhe<br \/>\u2013 23rd Young Musician\u00b4s Prize Portugal<br \/>\u2013 V Festival Guitarmania (Almada)<br \/>\u2013 David Russell Honorary Prize (Vigo)<br \/>\u2013 VIII Certame Internacional Juli\u00e1n Arcas, junior category (Almeria)<br \/>\u2013 41st Internacional Concertino Praga<br \/>\u2013 International Festival \u201cCidade do Fund\u00e3o\u201d<br \/>\u2013 Bienal Guitar Competition \u201cS\u00e3o Jo\u00e3o da Madeira\u201d<br \/>\u2013 International Guitar Competition \u201cFestival de Leiria\u201d<br \/>\u2013 XI Concurso Santa Cec\u00edlia (Oporto)<br \/>\u2013 Internacional Competition Juliusza Zarebskiego (Warsaw)<\/p><p>He participated in the masterclasses of some of the most important guitarrists such as: Roland Dyens, Zoran Dukic, Raphaella Smits, Costas Cotsiolis, Carlo Marchione, Laura Young, Duo Melis, Paul Galbraith, Pepe Romero, David Russell and many others.<\/p><p>Alongside his solo activity, Francisco has also developed several chamber music projects namely with \u201cWhat a duo \u2013 Duo\u201d, with the Serbian clarinetist Darko Horvatic and the \u201cKroiser Ensemble Contemporary Music Project\u201d with resident place at \u201cKiev Contemporary Music Days\u201d.<\/p><p>Francisco currently teaches at Escola Profissional de Artes da Covilh\u00e3 (EPABI) and at Conservat\u00f3rio Regional de M\u00fasica da Covilh\u00e3.<\/p>\t\t\t\t\t\t<\/div>\n\t\t\t\t<\/div>\n\t\t\t\t<div class=\"elementor-element elementor-element-69f4b5a8 elementor-align-center elementor-widget elementor-widget-button\" data-id=\"69f4b5a8\" data-element_type=\"widget\" data-widget_type=\"button.default\">\n\t\t\t\t<div class=\"elementor-widget-container\">\n\t\t\t\t\t<div class=\"elementor-button-wrapper\">\n\t\t\t<a href=\"https:\/\/franciscomoraisfranco.com\/index.php\/contact\/\" class=\"elementor-button-link elementor-button elementor-size-md\" role=\"button\">\n\t\t\t\t\t\t<span class=\"elementor-button-content-wrapper\">\n\t\t\t\t\t\t<span class=\"elementor-button-text\">Get in Touch<\/span>\n\t\t<\/span>\n\t\t\t\t\t<\/a>\n\t\t<\/div>\n\t\t\t\t<\/div>\n\t\t\t\t<\/div>\n\t\t\t\t\t<\/div>\n\t\t<\/div>\n\t\t\t\t\t\t\t<\/div>\n\t\t<\/section>\n\t\t\t\t\t<\/div>\n\t\t<\/div>\n\t\t\t\t\t\t\t<\/div>\n\t\t<\/section>\n\t\t\t\t<section class=\"elementor-section elementor-top-section elementor-element elementor-element-79c23755 elementor-section-boxed elementor-section-height-default elementor-section-height-default\" data-id=\"79c23755\" data-element_type=\"section\" data-settings=\"{&quot;background_background&quot;:&quot;classic&quot;}\">\n\t\t\t\t\t\t<div class=\"elementor-container elementor-column-gap-no\">\n\t\t\t\t\t<div class=\"elementor-column elementor-col-100 elementor-top-column elementor-element elementor-element-39e1062\" data-id=\"39e1062\" data-element_type=\"column\">\n\t\t\t<div class=\"elementor-widget-wrap elementor-element-populated\">\n\t\t\t\t\t\t\t\t<div class=\"elementor-element elementor-element-1794f4ed elementor-widget elementor-widget-heading\" data-id=\"1794f4ed\" data-element_type=\"widget\" data-widget_type=\"heading.default\">\n\t\t\t\t<div class=\"elementor-widget-container\">\n\t\t\t<style>\/*! elementor - v3.6.1 - 23-03-2022 *\/\n.elementor-heading-title{padding:0;margin:0;line-height:1}.elementor-widget-heading .elementor-heading-title[class*=elementor-size-]>a{color:inherit;font-size:inherit;line-height:inherit}.elementor-widget-heading .elementor-heading-title.elementor-size-small{font-size:15px}.elementor-widget-heading .elementor-heading-title.elementor-size-medium{font-size:19px}.elementor-widget-heading .elementor-heading-title.elementor-size-large{font-size:29px}.elementor-widget-heading .elementor-heading-title.elementor-size-xl{font-size:39px}.elementor-widget-heading .elementor-heading-title.elementor-size-xxl{font-size:59px}<\/style><h2 class=\"elementor-heading-title elementor-size-default\">testimonials<\/h2>\t\t<\/div>\n\t\t\t\t<\/div>\n\t\t\t\t\t<\/div>\n\t\t<\/div>\n\t\t\t\t\t\t\t<\/div>\n\t\t<\/section>\n\t\t\t\t<section class=\"elementor-section elementor-top-section elementor-element elementor-element-ad571f7 elementor-section-boxed elementor-section-height-default elementor-section-height-default\" data-id=\"ad571f7\" data-element_type=\"section\">\n\t\t\t\t\t\t<div class=\"elementor-container elementor-column-gap-custom\">\n\t\t\t\t\t<div class=\"elementor-column elementor-col-33 elementor-top-column elementor-element elementor-element-5351735\" data-id=\"5351735\" data-element_type=\"column\">\n\t\t\t<div class=\"elementor-widget-wrap elementor-element-populated\">\n\t\t\t\t\t\t\t\t<div class=\"elementor-element elementor-element-db92d84 elementor-widget elementor-widget-wpzoom-elementor-addons-team-members\" data-id=\"db92d84\" data-element_type=\"widget\" data-widget_type=\"wpzoom-elementor-addons-team-members.default\">\n\t\t\t\t<div class=\"elementor-widget-container\">\n\t\t\t\n\t\t\n\t\t<div class=\"wpz-member-body\">\n\t\t\t<h2 class=\"wpz-member-name\">Paolo Pegoraro<\/h2>\n\t\t\t\t\t\t\t<div class=\"wpz-member-position\">guitarist<\/div>\n\t\t\t\n\t\t\t\t\t\t\t<div class=\"wpz-member-bio\">\n\t\t\t\t\t<p>\u201cFrancisco is a young musician with great talent, supported by sensibility,  intelligence and dedication to his studies, carried out with admirable rigor and seriousness. \n\nIt was a real privilege for me, as well as a pleasure working with him. He is a wonderful musician!\u201d<\/p>\n\t\t\t\t<\/div>\n\t\t\t\n\t\t\t\n\t\t\t\n\t\t\t\t\t<\/div>\n\t\t\t\t<\/div>\n\t\t\t\t<\/div>\n\t\t\t\t\t<\/div>\n\t\t<\/div>\n\t\t\t\t<div class=\"elementor-column elementor-col-33 elementor-top-column elementor-element elementor-element-ca0e0c8\" data-id=\"ca0e0c8\" data-element_type=\"column\">\n\t\t\t<div class=\"elementor-widget-wrap elementor-element-populated\">\n\t\t\t\t\t\t\t\t<div class=\"elementor-element elementor-element-d28f798 elementor-widget elementor-widget-wpzoom-elementor-addons-team-members\" data-id=\"d28f798\" data-element_type=\"widget\" data-widget_type=\"wpzoom-elementor-addons-team-members.default\">\n\t\t\t\t<div class=\"elementor-widget-container\">\n\t\t\t\n\t\t\n\t\t<div class=\"wpz-member-body\">\n\t\t\t<h2 class=\"wpz-member-name\">Pepe Romero<\/h2>\n\t\t\t\t\t\t\t<div class=\"wpz-member-position\">maestro<\/div>\n\t\t\t\n\t\t\t\t\t\t\t<div class=\"wpz-member-bio\">\n\t\t\t\t\t<p>\u201cMagnificent guitarist\u201d<\/p>\n\t\t\t\t<\/div>\n\t\t\t\n\t\t\t\n\t\t\t\n\t\t\t\t\t<\/div>\n\t\t\t\t<\/div>\n\t\t\t\t<\/div>\n\t\t\t\t\t<\/div>\n\t\t<\/div>\n\t\t\t\t<div class=\"elementor-column elementor-col-33 elementor-top-column elementor-element elementor-element-f3660dd\" data-id=\"f3660dd\" data-element_type=\"column\">\n\t\t\t<div class=\"elementor-widget-wrap elementor-element-populated\">\n\t\t\t\t\t\t\t\t<div class=\"elementor-element elementor-element-0a13d25 elementor-widget elementor-widget-wpzoom-elementor-addons-team-members\" data-id=\"0a13d25\" data-element_type=\"widget\" data-widget_type=\"wpzoom-elementor-addons-team-members.default\">\n\t\t\t\t<div class=\"elementor-widget-container\">\n\t\t\t\n\t\t\n\t\t<div class=\"wpz-member-body\">\n\t\t\t<h2 class=\"wpz-member-name\">Andr\u00e9s Meng\u00edbar<\/h2>\n\t\t\t\t\t\t\t<div class=\"wpz-member-position\">Diario de Sevilla<\/div>\n\t\t\t\n\t\t\t\t\t\t\t<div class=\"wpz-member-bio\">\n\t\t\t\t\t<p>\"(...) Francisco Morais por su madurez como m\u00fasico. Su capacidad de introspecci\u00f3n le permiti\u00f3 adentrarse en la Passacaglia de Tansman con variedad de matices y acentos, a la vez que con claridad en la exposici\u00f3n de las texturas contrapunt\u00edsticas, cuesti\u00f3n esta \u00faltima que aflor\u00f3 de manera magistral en su versi\u00f3n de la Invocaci\u00f3n y danza de Rodrigo, profundamente expresiva.\"<\/p>\n\t\t\t\t<\/div>\n\t\t\t\n\t\t\t\n\t\t\t\n\t\t\t\t\t<\/div>\n\t\t\t\t<\/div>\n\t\t\t\t<\/div>\n\t\t\t\t\t<\/div>\n\t\t<\/div>\n\t\t\t\t\t\t\t<\/div>\n\t\t<\/section>\n\t\t\t\t<section class=\"elementor-section elementor-top-section elementor-element elementor-element-5c1af12d elementor-section-full_width elementor-section-height-default elementor-section-height-default\" data-id=\"5c1af12d\" data-element_type=\"section\" data-settings=\"{&quot;background_background&quot;:&quot;classic&quot;}\">\n\t\t\t\t\t\t\t<div class=\"elementor-background-overlay\"><\/div>\n\t\t\t\t\t\t\t<div class=\"elementor-container elementor-column-gap-no\">\n\t\t\t\t\t<div class=\"elementor-column elementor-col-100 elementor-top-column elementor-element elementor-element-14518587\" data-id=\"14518587\" data-element_type=\"column\">\n\t\t\t<div class=\"elementor-widget-wrap elementor-element-populated\">\n\t\t\t\t\t\t\t\t<section class=\"elementor-section elementor-inner-section elementor-element elementor-element-5c5beca5 elementor-section-boxed elementor-section-height-default elementor-section-height-default\" data-id=\"5c5beca5\" data-element_type=\"section\">\n\t\t\t\t\t\t<div class=\"elementor-container elementor-column-gap-default\">\n\t\t\t\t\t<div class=\"elementor-column elementor-col-100 elementor-inner-column elementor-element elementor-element-ff6440c\" data-id=\"ff6440c\" data-element_type=\"column\">\n\t\t\t<div class=\"elementor-widget-wrap elementor-element-populated\">\n\t\t\t\t\t\t\t\t<div class=\"elementor-element elementor-element-6e09da47 elementor-widget elementor-widget-heading\" data-id=\"6e09da47\" data-element_type=\"widget\" data-widget_type=\"heading.default\">\n\t\t\t\t<div class=\"elementor-widget-container\">\n\t\t\t<h2 class=\"elementor-heading-title elementor-size-default\">Francisco morais franco<\/h2>\t\t<\/div>\n\t\t\t\t<\/div>\n\t\t\t\t\t<\/div>\n\t\t<\/div>\n\t\t\t\t\t\t\t<\/div>\n\t\t<\/section>\n\t\t\t\t<section class=\"elementor-section elementor-inner-section elementor-element elementor-element-274b4e2b elementor-section-boxed elementor-section-height-default elementor-section-height-default\" data-id=\"274b4e2b\" data-element_type=\"section\">\n\t\t\t\t\t\t<div class=\"elementor-container elementor-column-gap-default\">\n\t\t\t\t\t<div class=\"elementor-column elementor-col-33 elementor-inner-column elementor-element elementor-element-48587518\" data-id=\"48587518\" data-element_type=\"column\">\n\t\t\t<div class=\"elementor-widget-wrap elementor-element-populated\">\n\t\t\t\t\t\t\t\t<div class=\"elementor-element elementor-element-1736ddb9 elementor-view-default elementor-mobile-position-top elementor-vertical-align-top elementor-widget elementor-widget-icon-box\" data-id=\"1736ddb9\" data-element_type=\"widget\" data-widget_type=\"icon-box.default\">\n\t\t\t\t<div class=\"elementor-widget-container\">\n\t\t\t<link rel=\"stylesheet\" href=\"https:\/\/franciscomoraisfranco.com\/wp-content\/plugins\/elementor\/assets\/css\/widget-icon-box.min.css\">\t\t<div class=\"elementor-icon-box-wrapper\">\n\t\t\t\t\t\t<div class=\"elementor-icon-box-icon\">\n\t\t\t\t<span class=\"elementor-icon elementor-animation-\" >\n\t\t\t\t<i aria-hidden=\"true\" class=\"fas fa-graduation-cap\"><\/i>\t\t\t\t<\/span>\n\t\t\t<\/div>\n\t\t\t\t\t\t<div class=\"elementor-icon-box-content\">\n\t\t\t\t<h3 class=\"elementor-icon-box-title\">\n\t\t\t\t\t<span  >\n\t\t\t\t\t\tMaster of Arts degree\n\t\t\t\t\t<\/span>\n\t\t\t\t<\/h3>\n\t\t\t\t\t\t\t\t\t<p class=\"elementor-icon-box-description\">\n\t\t\t\t\t\t<span style=\"color: #808080;\">With the highest mark at Kunst Universit\u00e4t Graz, in Austria, with maestro Paolo Pegoraro.<\/span>\t\t\t\t\t<\/p>\n\t\t\t\t\t\t\t<\/div>\n\t\t<\/div>\n\t\t\t\t<\/div>\n\t\t\t\t<\/div>\n\t\t\t\t\t<\/div>\n\t\t<\/div>\n\t\t\t\t<div class=\"elementor-column elementor-col-33 elementor-inner-column elementor-element elementor-element-7d500c49\" data-id=\"7d500c49\" data-element_type=\"column\">\n\t\t\t<div class=\"elementor-widget-wrap elementor-element-populated\">\n\t\t\t\t\t\t\t\t<div class=\"elementor-element elementor-element-4b565a93 elementor-view-default elementor-mobile-position-top elementor-vertical-align-top elementor-widget elementor-widget-icon-box\" data-id=\"4b565a93\" data-element_type=\"widget\" data-widget_type=\"icon-box.default\">\n\t\t\t\t<div class=\"elementor-widget-container\">\n\t\t\t\t\t<div class=\"elementor-icon-box-wrapper\">\n\t\t\t\t\t\t<div class=\"elementor-icon-box-icon\">\n\t\t\t\t<span class=\"elementor-icon elementor-animation-\" >\n\t\t\t\t<i aria-hidden=\"true\" class=\"fas fa-medal\"><\/i>\t\t\t\t<\/span>\n\t\t\t<\/div>\n\t\t\t\t\t\t<div class=\"elementor-icon-box-content\">\n\t\t\t\t<h3 class=\"elementor-icon-box-title\">\n\t\t\t\t\t<span  >\n\t\t\t\t\t\tMore than 30 prizes\n\t\t\t\t\t<\/span>\n\t\t\t\t<\/h3>\n\t\t\t\t\t\t\t\t\t<p class=\"elementor-icon-box-description\">\n\t\t\t\t\t\t<span style=\"color: #808080;\">In national and international competitions.<\/span>\t\t\t\t\t<\/p>\n\t\t\t\t\t\t\t<\/div>\n\t\t<\/div>\n\t\t\t\t<\/div>\n\t\t\t\t<\/div>\n\t\t\t\t\t<\/div>\n\t\t<\/div>\n\t\t\t\t<div class=\"elementor-column elementor-col-33 elementor-inner-column elementor-element elementor-element-6ab5dd51\" data-id=\"6ab5dd51\" data-element_type=\"column\">\n\t\t\t<div class=\"elementor-widget-wrap elementor-element-populated\">\n\t\t\t\t\t\t\t\t<div class=\"elementor-element elementor-element-56009c54 elementor-view-default elementor-mobile-position-top elementor-vertical-align-top elementor-widget elementor-widget-icon-box\" data-id=\"56009c54\" data-element_type=\"widget\" data-widget_type=\"icon-box.default\">\n\t\t\t\t<div class=\"elementor-widget-container\">\n\t\t\t\t\t<div class=\"elementor-icon-box-wrapper\">\n\t\t\t\t\t\t<div class=\"elementor-icon-box-icon\">\n\t\t\t\t<span class=\"elementor-icon elementor-animation-\" >\n\t\t\t\t<i aria-hidden=\"true\" class=\"fas fa-user-tie\"><\/i>\t\t\t\t<\/span>\n\t\t\t<\/div>\n\t\t\t\t\t\t<div class=\"elementor-icon-box-content\">\n\t\t\t\t<h3 class=\"elementor-icon-box-title\">\n\t\t\t\t\t<span  >\n\t\t\t\t\t\tGuitar Teacher\t\t\t\t\t<\/span>\n\t\t\t\t<\/h3>\n\t\t\t\t\t\t\t\t\t<p class=\"elementor-icon-box-description\">\n\t\t\t\t\t\t<span style=\"color: #888888;\">Teaches at Escola Profissional de Artes da Covilh\u00e3 (EPABI) and at Conservat\u00f3rio Regional de M\u00fasica da Covilh\u00e3<\/span>\t\t\t\t\t<\/p>\n\t\t\t\t\t\t\t<\/div>\n\t\t<\/div>\n\t\t\t\t<\/div>\n\t\t\t\t<\/div>\n\t\t\t\t\t<\/div>\n\t\t<\/div>\n\t\t\t\t\t\t\t<\/div>\n\t\t<\/section>\n\t\t\t\t\t<\/div>\n\t\t<\/div>\n\t\t\t\t\t\t\t<\/div>\n\t\t<\/section>\n\t\t\t\t<section class=\"elementor-section elementor-top-section elementor-element elementor-element-32cc1523 elementor-section-full_width elementor-section-height-default elementor-section-height-default\" data-id=\"32cc1523\" data-element_type=\"section\">\n\t\t\t\t\t\t<div class=\"elementor-container elementor-column-gap-default\">\n\t\t\t\t\t<div class=\"elementor-column elementor-col-100 elementor-top-column elementor-element elementor-element-7f5acc2a\" data-id=\"7f5acc2a\" data-element_type=\"column\" data-settings=\"{&quot;background_background&quot;:&quot;classic&quot;}\">\n\t\t\t<div class=\"elementor-widget-wrap elementor-element-populated\">\n\t\t\t\t\t\t\t\t<div class=\"elementor-element elementor-element-6a7652be elementor-widget elementor-widget-heading\" data-id=\"6a7652be\" data-element_type=\"widget\" data-widget_type=\"heading.default\">\n\t\t\t\t<div class=\"elementor-widget-container\">\n\t\t\t<h2 class=\"elementor-heading-title elementor-size-default\">Our Address<\/h2>\t\t<\/div>\n\t\t\t\t<\/div>\n\t\t\t\t<div class=\"elementor-element elementor-element-48d75f7a elementor-widget-tablet__width-inherit elementor-widget-mobile__width-inherit elementor-widget elementor-widget-text-editor\" data-id=\"48d75f7a\" data-element_type=\"widget\" data-widget_type=\"text-editor.default\">\n\t\t\t\t<div class=\"elementor-widget-container\">\n\t\t\t\t\t\t\t<p>Covilh\u00e3, Portugal<\/p>\t\t\t\t\t\t<\/div>\n\t\t\t\t<\/div>\n\t\t\t\t<div class=\"elementor-element elementor-element-64b5a347 elementor-widget elementor-widget-google_maps\" data-id=\"64b5a347\" data-element_type=\"widget\" data-widget_type=\"google_maps.default\">\n\t\t\t\t<div class=\"elementor-widget-container\">\n\t\t\t<style>\/*! elementor - v3.6.1 - 23-03-2022 *\/\n.elementor-widget-google_maps .elementor-widget-container{overflow:hidden}.elementor-widget-google_maps iframe{height:300px}<\/style>\t\t<div class=\"elementor-custom-embed\">\n\t\t\t<iframe frameborder=\"0\" scrolling=\"no\" marginheight=\"0\" marginwidth=\"0\"\n\t\t\t\t\tsrc=\"https:\/\/maps.google.com\/maps?q=Covilh%C3%A3%2C%20Portugal&#038;t=m&#038;z=16&#038;output=embed&#038;iwloc=near\"\n\t\t\t\t\ttitle=\"Covilh\u00e3, Portugal\"\n\t\t\t\t\taria-label=\"Covilh\u00e3, Portugal\"\n\t\t\t><\/iframe>\n\t\t<\/div>\n\t\t\t\t<\/div>\n\t\t\t\t<\/div>\n\t\t\t\t\t<\/div>\n\t\t<\/div>\n\t\t\t\t\t\t\t<\/div>\n\t\t<\/section>\n\t\t\t\t\t\t\t<\/div>\n\t\t","protected":false},"excerpt":{"rendered":"<p>Born in Covilh\u00e3, Portugal, Francisco is one of the most remarkable Portuguese guitar players of his generation. He started studying guitar at the age of 9 with Dejan Ivanovic in \u201cConservat\u00f3rio Regional de M\u00fasica da Covilh\u00e3\u201d. Later on he continued studying with Pedro Rufino in \u201cAcademia de Musica e Dan\u00e7a do Fund\u00e3o\u201d with an honorable &hellip; <\/p>\n<p class=\"link-more\"><a href=\"https:\/\/franciscomoraisfranco.com\/index.php\/about\/\" class=\"more-link\">Read more<span class=\"screen-reader-text\"> &#8220;About&#8221;<\/span><\/a><\/p>\n","protected":false},"author":1,"featured_media":0,"parent":0,"menu_order":0,"comment_status":"closed","ping_status":"closed","template":"page-templates\/full-width-builder-bb.php","meta":{"_monsterinsights_skip_tracking":false,"_monsterinsights_sitenote_active":false,"_monsterinsights_sitenote_note":"","_monsterinsights_sitenote_category":0},"featured_media_urls":[],"_links":{"self":[{"href":"https:\/\/franciscomoraisfranco.com\/index.php\/wp-json\/wp\/v2\/pages\/5592"}],"collection":[{"href":"https:\/\/franciscomoraisfranco.com\/index.php\/wp-json\/wp\/v2\/pages"}],"about":[{"href":"https:\/\/franciscomoraisfranco.com\/index.php\/wp-json\/wp\/v2\/types\/page"}],"author":[{"embeddable":true,"href":"https:\/\/franciscomoraisfranco.com\/index.php\/wp-json\/wp\/v2\/users\/1"}],"replies":[{"embeddable":true,"href":"https:\/\/franciscomoraisfranco.com\/index.php\/wp-json\/wp\/v2\/comments?post=5592"}],"version-history":[{"count":18,"href":"https:\/\/franciscomoraisfranco.com\/index.php\/wp-json\/wp\/v2\/pages\/5592\/revisions"}],"predecessor-version":[{"id":6758,"href":"https:\/\/franciscomoraisfranco.com\/index.php\/wp-json\/wp\/v2\/pages\/5592\/revisions\/6758"}],"wp:attachment":[{"href":"https:\/\/franciscomoraisfranco.com\/index.php\/wp-json\/wp\/v2\/media?parent=5592"}],"curies":[{"name":"wp","href":"https:\/\/api.w.org\/{rel}","templated":true}]}}